{"id":5244,"date":"2021-03-07T08:14:38","date_gmt":"2021-03-07T07:14:38","guid":{"rendered":"https:\/\/glurns.city\/?page_id=5244"},"modified":"2025-10-29T15:41:04","modified_gmt":"2025-10-29T14:41:04","slug":"glorenza","status":"publish","type":"page","link":"https:\/\/www.belvenu.com\/it\/glorenza\/","title":{"rendered":"Glorenza"},"content":{"rendered":"","protected":false},"excerpt":{"rendered":"","protected":false},"author":1,"featured_media":6230,"parent":0,"menu_order":0,"comment_status":"closed","ping_status":"closed","template":"","meta":{"footnotes":""},"class_list":["post-5244","page","type-page","status-publish","has-post-thumbnail","hentry"],"yoast_head":"<!-- This site is optimized with the Yoast SEO plugin v27.4 - https:\/\/yoast.com\/product\/yoast-seo-wordpress\/ -->\n<title>Glorenza - Belvenu Boutiquehotel<\/title>\n<meta name=\"description\" content=\"Il Belvenu Boutiquehotel sorge nel cuore della citt\u00e0 alpina di Glorenza. \u00c8 la pi\u00f9 piccola citt\u00e0 dell\u2019Alto Adige e d\u2019Italia, un vero gioiello architettonico. La cinta muraria interamente conservata, con le sue tre imponenti torri e tutta una serie di torrette difensive, circonda un pittoresco intreccio di stradine e vicoli, case private del XVI sec. e incantevoli portici.\" \/>\n<meta name=\"robots\" content=\"index, follow, max-snippet:-1, max-image-preview:large, max-video-preview:-1\" \/>\n<link rel=\"canonical\" href=\"https:\/\/www.belvenu.com\/it\/glorenza\/\" \/>\n<meta property=\"og:locale\" content=\"it_IT\" \/>\n<meta property=\"og:type\" content=\"article\" \/>\n<meta property=\"og:title\" content=\"Glorenza - Belvenu Boutiquehotel\" \/>\n<meta property=\"og:description\" content=\"Il Belvenu Boutiquehotel sorge nel cuore della citt\u00e0 alpina di Glorenza. \u00c8 la pi\u00f9 piccola citt\u00e0 dell\u2019Alto Adige e d\u2019Italia, un vero gioiello architettonico. La cinta muraria interamente conservata, con le sue tre imponenti torri e tutta una serie di torrette difensive, circonda un pittoresco intreccio di stradine e vicoli, case private del XVI sec. e incantevoli portici.\" \/>\n<meta property=\"og:url\" content=\"https:\/\/www.belvenu.com\/it\/glorenza\/\" \/>\n<meta property=\"og:site_name\" content=\"Belvenu Boutiquehotel\" \/>\n<meta property=\"article:modified_time\" content=\"2025-10-29T14:41:04+00:00\" \/>\n<meta property=\"og:image\" content=\"http:\/\/www.belvenu.com\/wp-content\/uploads\/2021\/03\/glurns_logo.png\" \/>\n\t<meta property=\"og:image:width\" content=\"332\" \/>\n\t<meta property=\"og:image:height\" content=\"115\" \/>\n\t<meta property=\"og:image:type\" content=\"image\/png\" \/>\n<meta name=\"twitter:card\" content=\"summary_large_image\" \/>\n<script type=\"application\/ld+json\" class=\"yoast-schema-graph\">{\"@context\":\"https:\\\/\\\/schema.org\",\"@graph\":[{\"@type\":\"WebPage\",\"@id\":\"https:\\\/\\\/www.belvenu.com\\\/it\\\/glorenza\\\/\",\"url\":\"https:\\\/\\\/www.belvenu.com\\\/it\\\/glorenza\\\/\",\"name\":\"Glorenza - Belvenu Boutiquehotel\",\"isPartOf\":{\"@id\":\"https:\\\/\\\/www.belvenu.com\\\/it\\\/#website\"},\"primaryImageOfPage\":{\"@id\":\"https:\\\/\\\/www.belvenu.com\\\/it\\\/glorenza\\\/#primaryimage\"},\"image\":{\"@id\":\"https:\\\/\\\/www.belvenu.com\\\/it\\\/glorenza\\\/#primaryimage\"},\"thumbnailUrl\":\"https:\\\/\\\/www.belvenu.com\\\/wp-content\\\/uploads\\\/2021\\\/03\\\/glurns_logo.png\",\"datePublished\":\"2021-03-07T07:14:38+00:00\",\"dateModified\":\"2025-10-29T14:41:04+00:00\",\"description\":\"Il Belvenu Boutiquehotel sorge nel cuore della citt\u00e0 alpina di Glorenza. \u00c8 la pi\u00f9 piccola citt\u00e0 dell\u2019Alto Adige e d\u2019Italia, un vero gioiello architettonico. La cinta muraria interamente conservata, con le sue tre imponenti torri e tutta una serie di torrette difensive, circonda un pittoresco intreccio di stradine e vicoli, case private del XVI sec. e incantevoli portici.\",\"breadcrumb\":{\"@id\":\"https:\\\/\\\/www.belvenu.com\\\/it\\\/glorenza\\\/#breadcrumb\"},\"inLanguage\":\"it-IT\",\"potentialAction\":[{\"@type\":\"ReadAction\",\"target\":[\"https:\\\/\\\/www.belvenu.com\\\/it\\\/glorenza\\\/\"]}]},{\"@type\":\"ImageObject\",\"inLanguage\":\"it-IT\",\"@id\":\"https:\\\/\\\/www.belvenu.com\\\/it\\\/glorenza\\\/#primaryimage\",\"url\":\"https:\\\/\\\/www.belvenu.com\\\/wp-content\\\/uploads\\\/2021\\\/03\\\/glurns_logo.png\",\"contentUrl\":\"https:\\\/\\\/www.belvenu.com\\\/wp-content\\\/uploads\\\/2021\\\/03\\\/glurns_logo.png\",\"width\":332,\"height\":115,\"caption\":\"Glurns Vinschgau S\u00fcdtirol\"},{\"@type\":\"BreadcrumbList\",\"@id\":\"https:\\\/\\\/www.belvenu.com\\\/it\\\/glorenza\\\/#breadcrumb\",\"itemListElement\":[{\"@type\":\"ListItem\",\"position\":1,\"name\":\"Startseite\",\"item\":\"https:\\\/\\\/www.belvenu.com\\\/it\\\/\"},{\"@type\":\"ListItem\",\"position\":2,\"name\":\"Glorenza\"}]},{\"@type\":\"WebSite\",\"@id\":\"https:\\\/\\\/www.belvenu.com\\\/it\\\/#website\",\"url\":\"https:\\\/\\\/www.belvenu.com\\\/it\\\/\",\"name\":\"Belvenu Boutiquehotel\",\"description\":\"Belvenu Boutiquehotel a Glorenza Val Venosta\",\"publisher\":{\"@id\":\"https:\\\/\\\/www.belvenu.com\\\/it\\\/#organization\"},\"potentialAction\":[{\"@type\":\"SearchAction\",\"target\":{\"@type\":\"EntryPoint\",\"urlTemplate\":\"https:\\\/\\\/www.belvenu.com\\\/it\\\/?s={search_term_string}\"},\"query-input\":{\"@type\":\"PropertyValueSpecification\",\"valueRequired\":true,\"valueName\":\"search_term_string\"}}],\"inLanguage\":\"it-IT\"},{\"@type\":\"Organization\",\"@id\":\"https:\\\/\\\/www.belvenu.com\\\/it\\\/#organization\",\"name\":\"Belvenu Boutiquehotel\",\"url\":\"https:\\\/\\\/www.belvenu.com\\\/it\\\/\",\"logo\":{\"@type\":\"ImageObject\",\"inLanguage\":\"it-IT\",\"@id\":\"https:\\\/\\\/www.belvenu.com\\\/it\\\/#\\\/schema\\\/logo\\\/image\\\/\",\"url\":\"https:\\\/\\\/www.belvenu.com\\\/wp-content\\\/uploads\\\/2021\\\/03\\\/1920_logo_gb_weiss.png\",\"contentUrl\":\"https:\\\/\\\/www.belvenu.com\\\/wp-content\\\/uploads\\\/2021\\\/03\\\/1920_logo_gb_weiss.png\",\"width\":1920,\"height\":579,\"caption\":\"Belvenu Boutiquehotel\"},\"image\":{\"@id\":\"https:\\\/\\\/www.belvenu.com\\\/it\\\/#\\\/schema\\\/logo\\\/image\\\/\"}}]}<\/script>\n<!-- \/ Yoast SEO plugin. -->","yoast_head_json":{"title":"Glorenza - Belvenu Boutiquehotel","description":"Il Belvenu Boutiquehotel sorge nel cuore della citt\u00e0 alpina di Glorenza. \u00c8 la pi\u00f9 piccola citt\u00e0 dell\u2019Alto Adige e d\u2019Italia, un vero gioiello architettonico. La cinta muraria interamente conservata, con le sue tre imponenti torri e tutta una serie di torrette difensive, circonda un pittoresco intreccio di stradine e vicoli, case private del XVI sec. e incantevoli portici.","robots":{"index":"index","follow":"follow","max-snippet":"max-snippet:-1","max-image-preview":"max-image-preview:large","max-video-preview":"max-video-preview:-1"},"canonical":"https:\/\/www.belvenu.com\/it\/glorenza\/","og_locale":"it_IT","og_type":"article","og_title":"Glorenza - Belvenu Boutiquehotel","og_description":"Il Belvenu Boutiquehotel sorge nel cuore della citt\u00e0 alpina di Glorenza. \u00c8 la pi\u00f9 piccola citt\u00e0 dell\u2019Alto Adige e d\u2019Italia, un vero gioiello architettonico. La cinta muraria interamente conservata, con le sue tre imponenti torri e tutta una serie di torrette difensive, circonda un pittoresco intreccio di stradine e vicoli, case private del XVI sec. e incantevoli portici.","og_url":"https:\/\/www.belvenu.com\/it\/glorenza\/","og_site_name":"Belvenu Boutiquehotel","article_modified_time":"2025-10-29T14:41:04+00:00","og_image":[{"width":332,"height":115,"url":"http:\/\/www.belvenu.com\/wp-content\/uploads\/2021\/03\/glurns_logo.png","type":"image\/png"}],"twitter_card":"summary_large_image","schema":{"@context":"https:\/\/schema.org","@graph":[{"@type":"WebPage","@id":"https:\/\/www.belvenu.com\/it\/glorenza\/","url":"https:\/\/www.belvenu.com\/it\/glorenza\/","name":"Glorenza - Belvenu Boutiquehotel","isPartOf":{"@id":"https:\/\/www.belvenu.com\/it\/#website"},"primaryImageOfPage":{"@id":"https:\/\/www.belvenu.com\/it\/glorenza\/#primaryimage"},"image":{"@id":"https:\/\/www.belvenu.com\/it\/glorenza\/#primaryimage"},"thumbnailUrl":"https:\/\/www.belvenu.com\/wp-content\/uploads\/2021\/03\/glurns_logo.png","datePublished":"2021-03-07T07:14:38+00:00","dateModified":"2025-10-29T14:41:04+00:00","description":"Il Belvenu Boutiquehotel sorge nel cuore della citt\u00e0 alpina di Glorenza. \u00c8 la pi\u00f9 piccola citt\u00e0 dell\u2019Alto Adige e d\u2019Italia, un vero gioiello architettonico. La cinta muraria interamente conservata, con le sue tre imponenti torri e tutta una serie di torrette difensive, circonda un pittoresco intreccio di stradine e vicoli, case private del XVI sec. e incantevoli portici.","breadcrumb":{"@id":"https:\/\/www.belvenu.com\/it\/glorenza\/#breadcrumb"},"inLanguage":"it-IT","potentialAction":[{"@type":"ReadAction","target":["https:\/\/www.belvenu.com\/it\/glorenza\/"]}]},{"@type":"ImageObject","inLanguage":"it-IT","@id":"https:\/\/www.belvenu.com\/it\/glorenza\/#primaryimage","url":"https:\/\/www.belvenu.com\/wp-content\/uploads\/2021\/03\/glurns_logo.png","contentUrl":"https:\/\/www.belvenu.com\/wp-content\/uploads\/2021\/03\/glurns_logo.png","width":332,"height":115,"caption":"Glurns Vinschgau S\u00fcdtirol"},{"@type":"BreadcrumbList","@id":"https:\/\/www.belvenu.com\/it\/glorenza\/#breadcrumb","itemListElement":[{"@type":"ListItem","position":1,"name":"Startseite","item":"https:\/\/www.belvenu.com\/it\/"},{"@type":"ListItem","position":2,"name":"Glorenza"}]},{"@type":"WebSite","@id":"https:\/\/www.belvenu.com\/it\/#website","url":"https:\/\/www.belvenu.com\/it\/","name":"Belvenu Boutiquehotel","description":"Belvenu Boutiquehotel a Glorenza Val Venosta","publisher":{"@id":"https:\/\/www.belvenu.com\/it\/#organization"},"potentialAction":[{"@type":"SearchAction","target":{"@type":"EntryPoint","urlTemplate":"https:\/\/www.belvenu.com\/it\/?s={search_term_string}"},"query-input":{"@type":"PropertyValueSpecification","valueRequired":true,"valueName":"search_term_string"}}],"inLanguage":"it-IT"},{"@type":"Organization","@id":"https:\/\/www.belvenu.com\/it\/#organization","name":"Belvenu Boutiquehotel","url":"https:\/\/www.belvenu.com\/it\/","logo":{"@type":"ImageObject","inLanguage":"it-IT","@id":"https:\/\/www.belvenu.com\/it\/#\/schema\/logo\/image\/","url":"https:\/\/www.belvenu.com\/wp-content\/uploads\/2021\/03\/1920_logo_gb_weiss.png","contentUrl":"https:\/\/www.belvenu.com\/wp-content\/uploads\/2021\/03\/1920_logo_gb_weiss.png","width":1920,"height":579,"caption":"Belvenu Boutiquehotel"},"image":{"@id":"https:\/\/www.belvenu.com\/it\/#\/schema\/logo\/image\/"}}]}},"_links":{"self":[{"href":"https:\/\/www.belvenu.com\/it\/wp-json\/wp\/v2\/pages\/5244","targetHints":{"allow":["GET"]}}],"collection":[{"href":"https:\/\/www.belvenu.com\/it\/wp-json\/wp\/v2\/pages"}],"about":[{"href":"https:\/\/www.belvenu.com\/it\/wp-json\/wp\/v2\/types\/page"}],"author":[{"embeddable":true,"href":"https:\/\/www.belvenu.com\/it\/wp-json\/wp\/v2\/users\/1"}],"replies":[{"embeddable":true,"href":"https:\/\/www.belvenu.com\/it\/wp-json\/wp\/v2\/comments?post=5244"}],"version-history":[{"count":5,"href":"https:\/\/www.belvenu.com\/it\/wp-json\/wp\/v2\/pages\/5244\/revisions"}],"predecessor-version":[{"id":7879,"href":"https:\/\/www.belvenu.com\/it\/wp-json\/wp\/v2\/pages\/5244\/revisions\/7879"}],"wp:featuredmedia":[{"embeddable":true,"href":"https:\/\/www.belvenu.com\/it\/wp-json\/wp\/v2\/media\/6230"}],"wp:attachment":[{"href":"https:\/\/www.belvenu.com\/it\/wp-json\/wp\/v2\/media?parent=5244"}],"curies":[{"name":"wp","href":"https:\/\/api.w.org\/{rel}","templated":true}]}}