{"id":5117,"date":"2021-03-06T11:15:53","date_gmt":"2021-03-06T10:15:53","guid":{"rendered":"https:\/\/glurns.city\/?page_id=5117"},"modified":"2025-10-29T15:42:04","modified_gmt":"2025-10-29T14:42:04","slug":"glurns","status":"publish","type":"page","link":"https:\/\/www.belvenu.com\/de\/glurns\/","title":{"rendered":"Glurns"},"content":{"rendered":"","protected":false},"excerpt":{"rendered":"","protected":false},"author":1,"featured_media":6228,"parent":0,"menu_order":0,"comment_status":"closed","ping_status":"closed","template":"","meta":{"footnotes":""},"class_list":["post-5117","page","type-page","status-publish","has-post-thumbnail","hentry"],"yoast_head":"<!-- This site is optimized with the Yoast SEO plugin v27.5 - https:\/\/yoast.com\/product\/yoast-seo-wordpress\/ -->\n<title>Mittelalterliches St\u00e4dtchen Glurns im Vinschgau - ein Juwel S\u00fcdtirols<\/title>\n<meta name=\"description\" content=\"Das Belvenu Boutiquehotel liegt im Herzen der Alpenstadt Glurns. Die kleinste Stadt Tirols und Italiens, ein architektonisches Juwel. Die v\u00f6llig erhaltene Ringmauer mit den drei wuchtigen T\u00fcrmen und eine ganze Reihe von Wehrt\u00fcrmen umschlie\u00dft malerische Gassen und Winkel, B\u00fcrgerh\u00e4user aus dem 16. Jh., und Laubeng\u00e4nge mit ganz besonderem Charme.\" \/>\n<meta name=\"robots\" content=\"index, follow, max-snippet:-1, max-image-preview:large, max-video-preview:-1\" \/>\n<link rel=\"canonical\" href=\"https:\/\/www.belvenu.com\/de\/glurns\/\" \/>\n<meta property=\"og:locale\" content=\"de_DE\" \/>\n<meta property=\"og:type\" content=\"article\" \/>\n<meta property=\"og:title\" content=\"Mittelalterliches St\u00e4dtchen Glurns im Vinschgau - ein Juwel S\u00fcdtirols\" \/>\n<meta property=\"og:description\" content=\"Das Belvenu Boutiquehotel liegt im Herzen der Alpenstadt Glurns. Die kleinste Stadt Tirols und Italiens, ein architektonisches Juwel. Die v\u00f6llig erhaltene Ringmauer mit den drei wuchtigen T\u00fcrmen und eine ganze Reihe von Wehrt\u00fcrmen umschlie\u00dft malerische Gassen und Winkel, B\u00fcrgerh\u00e4user aus dem 16. Jh., und Laubeng\u00e4nge mit ganz besonderem Charme.\" \/>\n<meta property=\"og:url\" content=\"https:\/\/www.belvenu.com\/de\/glurns\/\" \/>\n<meta property=\"og:site_name\" content=\"Belvenu Boutiquehotel\" \/>\n<meta property=\"article:modified_time\" content=\"2025-10-29T14:42:04+00:00\" \/>\n<meta property=\"og:image\" content=\"http:\/\/www.belvenu.com\/wp-content\/uploads\/2021\/03\/glurns_logo.png\" \/>\n\t<meta property=\"og:image:width\" content=\"332\" \/>\n\t<meta property=\"og:image:height\" content=\"115\" \/>\n\t<meta property=\"og:image:type\" content=\"image\/png\" \/>\n<meta name=\"twitter:card\" content=\"summary_large_image\" \/>\n<script type=\"application\/ld+json\" class=\"yoast-schema-graph\">{\"@context\":\"https:\\\/\\\/schema.org\",\"@graph\":[{\"@type\":\"WebPage\",\"@id\":\"https:\\\/\\\/www.belvenu.com\\\/de\\\/glurns\\\/\",\"url\":\"https:\\\/\\\/www.belvenu.com\\\/de\\\/glurns\\\/\",\"name\":\"Mittelalterliches St\u00e4dtchen Glurns im Vinschgau - ein Juwel S\u00fcdtirols\",\"isPartOf\":{\"@id\":\"https:\\\/\\\/www.belvenu.com\\\/de\\\/#website\"},\"primaryImageOfPage\":{\"@id\":\"https:\\\/\\\/www.belvenu.com\\\/de\\\/glurns\\\/#primaryimage\"},\"image\":{\"@id\":\"https:\\\/\\\/www.belvenu.com\\\/de\\\/glurns\\\/#primaryimage\"},\"thumbnailUrl\":\"https:\\\/\\\/www.belvenu.com\\\/wp-content\\\/uploads\\\/2021\\\/03\\\/glurns_logo.png\",\"datePublished\":\"2021-03-06T10:15:53+00:00\",\"dateModified\":\"2025-10-29T14:42:04+00:00\",\"description\":\"Das Belvenu Boutiquehotel liegt im Herzen der Alpenstadt Glurns. Die kleinste Stadt Tirols und Italiens, ein architektonisches Juwel. Die v\u00f6llig erhaltene Ringmauer mit den drei wuchtigen T\u00fcrmen und eine ganze Reihe von Wehrt\u00fcrmen umschlie\u00dft malerische Gassen und Winkel, B\u00fcrgerh\u00e4user aus dem 16. Jh., und Laubeng\u00e4nge mit ganz besonderem Charme.\",\"breadcrumb\":{\"@id\":\"https:\\\/\\\/www.belvenu.com\\\/de\\\/glurns\\\/#breadcrumb\"},\"inLanguage\":\"de\",\"potentialAction\":[{\"@type\":\"ReadAction\",\"target\":[\"https:\\\/\\\/www.belvenu.com\\\/de\\\/glurns\\\/\"]}]},{\"@type\":\"ImageObject\",\"inLanguage\":\"de\",\"@id\":\"https:\\\/\\\/www.belvenu.com\\\/de\\\/glurns\\\/#primaryimage\",\"url\":\"https:\\\/\\\/www.belvenu.com\\\/wp-content\\\/uploads\\\/2021\\\/03\\\/glurns_logo.png\",\"contentUrl\":\"https:\\\/\\\/www.belvenu.com\\\/wp-content\\\/uploads\\\/2021\\\/03\\\/glurns_logo.png\",\"width\":332,\"height\":115,\"caption\":\"Glurns Vinschgau S\u00fcdtirol\"},{\"@type\":\"BreadcrumbList\",\"@id\":\"https:\\\/\\\/www.belvenu.com\\\/de\\\/glurns\\\/#breadcrumb\",\"itemListElement\":[{\"@type\":\"ListItem\",\"position\":1,\"name\":\"Startseite\",\"item\":\"https:\\\/\\\/www.belvenu.com\\\/de\\\/\"},{\"@type\":\"ListItem\",\"position\":2,\"name\":\"Glurns\"}]},{\"@type\":\"WebSite\",\"@id\":\"https:\\\/\\\/www.belvenu.com\\\/de\\\/#website\",\"url\":\"https:\\\/\\\/www.belvenu.com\\\/de\\\/\",\"name\":\"Belvenu Boutiquehotel\",\"description\":\"Belvenu Boutiquehotel\",\"publisher\":{\"@id\":\"https:\\\/\\\/www.belvenu.com\\\/de\\\/#organization\"},\"potentialAction\":[{\"@type\":\"SearchAction\",\"target\":{\"@type\":\"EntryPoint\",\"urlTemplate\":\"https:\\\/\\\/www.belvenu.com\\\/de\\\/?s={search_term_string}\"},\"query-input\":{\"@type\":\"PropertyValueSpecification\",\"valueRequired\":true,\"valueName\":\"search_term_string\"}}],\"inLanguage\":\"de\"},{\"@type\":\"Organization\",\"@id\":\"https:\\\/\\\/www.belvenu.com\\\/de\\\/#organization\",\"name\":\"Belvenu Boutiquehotel\",\"url\":\"https:\\\/\\\/www.belvenu.com\\\/de\\\/\",\"logo\":{\"@type\":\"ImageObject\",\"inLanguage\":\"de\",\"@id\":\"https:\\\/\\\/www.belvenu.com\\\/de\\\/#\\\/schema\\\/logo\\\/image\\\/\",\"url\":\"https:\\\/\\\/www.belvenu.com\\\/wp-content\\\/uploads\\\/2021\\\/03\\\/1920_logo_gb_weiss.png\",\"contentUrl\":\"https:\\\/\\\/www.belvenu.com\\\/wp-content\\\/uploads\\\/2021\\\/03\\\/1920_logo_gb_weiss.png\",\"width\":1920,\"height\":579,\"caption\":\"Belvenu Boutiquehotel\"},\"image\":{\"@id\":\"https:\\\/\\\/www.belvenu.com\\\/de\\\/#\\\/schema\\\/logo\\\/image\\\/\"}}]}<\/script>\n<!-- \/ Yoast SEO plugin. -->","yoast_head_json":{"title":"Mittelalterliches St\u00e4dtchen Glurns im Vinschgau - ein Juwel S\u00fcdtirols","description":"Das Belvenu Boutiquehotel liegt im Herzen der Alpenstadt Glurns. Die kleinste Stadt Tirols und Italiens, ein architektonisches Juwel. Die v\u00f6llig erhaltene Ringmauer mit den drei wuchtigen T\u00fcrmen und eine ganze Reihe von Wehrt\u00fcrmen umschlie\u00dft malerische Gassen und Winkel, B\u00fcrgerh\u00e4user aus dem 16. Jh., und Laubeng\u00e4nge mit ganz besonderem Charme.","robots":{"index":"index","follow":"follow","max-snippet":"max-snippet:-1","max-image-preview":"max-image-preview:large","max-video-preview":"max-video-preview:-1"},"canonical":"https:\/\/www.belvenu.com\/de\/glurns\/","og_locale":"de_DE","og_type":"article","og_title":"Mittelalterliches St\u00e4dtchen Glurns im Vinschgau - ein Juwel S\u00fcdtirols","og_description":"Das Belvenu Boutiquehotel liegt im Herzen der Alpenstadt Glurns. Die kleinste Stadt Tirols und Italiens, ein architektonisches Juwel. Die v\u00f6llig erhaltene Ringmauer mit den drei wuchtigen T\u00fcrmen und eine ganze Reihe von Wehrt\u00fcrmen umschlie\u00dft malerische Gassen und Winkel, B\u00fcrgerh\u00e4user aus dem 16. Jh., und Laubeng\u00e4nge mit ganz besonderem Charme.","og_url":"https:\/\/www.belvenu.com\/de\/glurns\/","og_site_name":"Belvenu Boutiquehotel","article_modified_time":"2025-10-29T14:42:04+00:00","og_image":[{"width":332,"height":115,"url":"http:\/\/www.belvenu.com\/wp-content\/uploads\/2021\/03\/glurns_logo.png","type":"image\/png"}],"twitter_card":"summary_large_image","schema":{"@context":"https:\/\/schema.org","@graph":[{"@type":"WebPage","@id":"https:\/\/www.belvenu.com\/de\/glurns\/","url":"https:\/\/www.belvenu.com\/de\/glurns\/","name":"Mittelalterliches St\u00e4dtchen Glurns im Vinschgau - ein Juwel S\u00fcdtirols","isPartOf":{"@id":"https:\/\/www.belvenu.com\/de\/#website"},"primaryImageOfPage":{"@id":"https:\/\/www.belvenu.com\/de\/glurns\/#primaryimage"},"image":{"@id":"https:\/\/www.belvenu.com\/de\/glurns\/#primaryimage"},"thumbnailUrl":"https:\/\/www.belvenu.com\/wp-content\/uploads\/2021\/03\/glurns_logo.png","datePublished":"2021-03-06T10:15:53+00:00","dateModified":"2025-10-29T14:42:04+00:00","description":"Das Belvenu Boutiquehotel liegt im Herzen der Alpenstadt Glurns. Die kleinste Stadt Tirols und Italiens, ein architektonisches Juwel. Die v\u00f6llig erhaltene Ringmauer mit den drei wuchtigen T\u00fcrmen und eine ganze Reihe von Wehrt\u00fcrmen umschlie\u00dft malerische Gassen und Winkel, B\u00fcrgerh\u00e4user aus dem 16. Jh., und Laubeng\u00e4nge mit ganz besonderem Charme.","breadcrumb":{"@id":"https:\/\/www.belvenu.com\/de\/glurns\/#breadcrumb"},"inLanguage":"de","potentialAction":[{"@type":"ReadAction","target":["https:\/\/www.belvenu.com\/de\/glurns\/"]}]},{"@type":"ImageObject","inLanguage":"de","@id":"https:\/\/www.belvenu.com\/de\/glurns\/#primaryimage","url":"https:\/\/www.belvenu.com\/wp-content\/uploads\/2021\/03\/glurns_logo.png","contentUrl":"https:\/\/www.belvenu.com\/wp-content\/uploads\/2021\/03\/glurns_logo.png","width":332,"height":115,"caption":"Glurns Vinschgau S\u00fcdtirol"},{"@type":"BreadcrumbList","@id":"https:\/\/www.belvenu.com\/de\/glurns\/#breadcrumb","itemListElement":[{"@type":"ListItem","position":1,"name":"Startseite","item":"https:\/\/www.belvenu.com\/de\/"},{"@type":"ListItem","position":2,"name":"Glurns"}]},{"@type":"WebSite","@id":"https:\/\/www.belvenu.com\/de\/#website","url":"https:\/\/www.belvenu.com\/de\/","name":"Belvenu Boutiquehotel","description":"Belvenu Boutiquehotel","publisher":{"@id":"https:\/\/www.belvenu.com\/de\/#organization"},"potentialAction":[{"@type":"SearchAction","target":{"@type":"EntryPoint","urlTemplate":"https:\/\/www.belvenu.com\/de\/?s={search_term_string}"},"query-input":{"@type":"PropertyValueSpecification","valueRequired":true,"valueName":"search_term_string"}}],"inLanguage":"de"},{"@type":"Organization","@id":"https:\/\/www.belvenu.com\/de\/#organization","name":"Belvenu Boutiquehotel","url":"https:\/\/www.belvenu.com\/de\/","logo":{"@type":"ImageObject","inLanguage":"de","@id":"https:\/\/www.belvenu.com\/de\/#\/schema\/logo\/image\/","url":"https:\/\/www.belvenu.com\/wp-content\/uploads\/2021\/03\/1920_logo_gb_weiss.png","contentUrl":"https:\/\/www.belvenu.com\/wp-content\/uploads\/2021\/03\/1920_logo_gb_weiss.png","width":1920,"height":579,"caption":"Belvenu Boutiquehotel"},"image":{"@id":"https:\/\/www.belvenu.com\/de\/#\/schema\/logo\/image\/"}}]}},"_links":{"self":[{"href":"https:\/\/www.belvenu.com\/de\/wp-json\/wp\/v2\/pages\/5117","targetHints":{"allow":["GET"]}}],"collection":[{"href":"https:\/\/www.belvenu.com\/de\/wp-json\/wp\/v2\/pages"}],"about":[{"href":"https:\/\/www.belvenu.com\/de\/wp-json\/wp\/v2\/types\/page"}],"author":[{"embeddable":true,"href":"https:\/\/www.belvenu.com\/de\/wp-json\/wp\/v2\/users\/1"}],"replies":[{"embeddable":true,"href":"https:\/\/www.belvenu.com\/de\/wp-json\/wp\/v2\/comments?post=5117"}],"version-history":[{"count":5,"href":"https:\/\/www.belvenu.com\/de\/wp-json\/wp\/v2\/pages\/5117\/revisions"}],"predecessor-version":[{"id":7880,"href":"https:\/\/www.belvenu.com\/de\/wp-json\/wp\/v2\/pages\/5117\/revisions\/7880"}],"wp:featuredmedia":[{"embeddable":true,"href":"https:\/\/www.belvenu.com\/de\/wp-json\/wp\/v2\/media\/6228"}],"wp:attachment":[{"href":"https:\/\/www.belvenu.com\/de\/wp-json\/wp\/v2\/media?parent=5117"}],"curies":[{"name":"wp","href":"https:\/\/api.w.org\/{rel}","templated":true}]}}